{"id":3718,"date":"2017-11-13T10:58:25","date_gmt":"2017-11-13T08:58:25","guid":{"rendered":"http:\/\/www.ademsan.com\/references\/kent-plaza-konya\/"},"modified":"2018-01-19T20:56:37","modified_gmt":"2018-01-19T17:56:37","slug":"kent-plaza-konya","status":"publish","type":"page","link":"https:\/\/www.ademsan.com\/en\/references\/kent-plaza-konya\/","title":{"rendered":"KENT PLAZA KONYA"},"content":{"rendered":"<p>[vc_row][vc_column][vc_text_separator title=&#8221;KENT PLAZA KONYA&#8221; color=&#8221;black&#8221;][\/vc_column][\/vc_row][vc_row][vc_column width=&#8221;1\/2&#8243;][vc_single_image image=&#8221;2332&#8243; img_size=&#8221;full&#8221; style=&#8221;vc_box_shadow_3d&#8221; css_animation=&#8221;fadeInLeft&#8221;][\/vc_column][vc_column width=&#8221;1\/2&#8243; css=&#8221;.vc_custom_1510079007587{margin-top: 10px !important;}&#8221;][vc_column_text]<\/p>\n<blockquote><p><strong>Proje Ad\u0131 : Kent Plaza Konya<br \/>\n<\/strong><\/p><\/blockquote>\n<p>[\/vc_column_text][vc_separator css=&#8221;.vc_custom_1510438967165{margin-top: -20px !important;}&#8221;][vc_column_text css=&#8221;.vc_custom_1510563360531{margin-top: -20px !important;}&#8221;]<\/p>\n<blockquote><p><strong>Y\u00fcklenici :\u00a0 Apsis Cephe<br \/>\n<\/strong><\/p><\/blockquote>\n<p>[\/vc_column_text][vc_separator css=&#8221;.vc_custom_1510438893025{margin-top: -20px !important;}&#8221;][vc_column_text css=&#8221;.vc_custom_1510561940858{margin-top: -20px !important;}&#8221;]<\/p>\n<blockquote><p><strong>\u00c7al\u0131\u015fma Y\u00fcksekli\u011fi : 80 Mt<\/strong><\/p><\/blockquote>\n<p>[\/vc_column_text][vc_separator css=&#8221;.vc_custom_1510438909652{margin-top: -20px !important;}&#8221;][vc_column_text css=&#8221;.vc_custom_1510563374893{margin-top: -20px !important;}&#8221;]<\/p>\n<blockquote><p><strong>Yetkili :\u00a0G\u00f6rkem Bey \/ Tel: 312 3509939<\/strong><\/p><\/blockquote>\n<p>[\/vc_column_text][vc_separator css=&#8221;.vc_custom_1510438937517{margin-top: -20px !important;}&#8221;][vc_column_text css=&#8221;.vc_custom_1510563391645{margin-top: -20px !important;}&#8221;]<\/p>\n<blockquote><p><strong>Makine Model<\/strong>\u00a0: AST 15 Denge A\u011f\u0131rl\u0131kl\u0131 Sistem<br \/>\nCephe Temizlik Makinesi<\/p><\/blockquote>\n<p>[\/vc_column_text][\/vc_column][\/vc_row][vc_row][vc_column][vc_empty_space][\/vc_column][\/vc_row][vc_row][vc_column][vc_media_grid style=&#8221;lazy&#8221; element_width=&#8221;3&#8243; gap=&#8221;3&#8243; item=&#8221;masonryMedia_SolidBlurOut&#8221; initial_loading_animation=&#8221;fadeInDown&#8221; grid_id=&#8221;vc_gid:1510563310533-9af1f72b-5d50-6&#8243; include=&#8221;2331&#8243;][\/vc_column][\/vc_row]<\/p>\n","protected":false},"excerpt":{"rendered":"<p>[vc_row][vc_column][vc_text_separator title=&#8221;KENT PLAZA KONYA&#8221; color=&#8221;black&#8221;][\/vc_column][\/vc_row][vc_row][vc_column width=&#8221;1\/2&#8243;][vc_single_image image=&#8221;2332&#8243; img_size=&#8221;full&#8221; style=&#8221;vc_box_shadow_3d&#8221; css_animation=&#8221;fadeInLeft&#8221;][\/vc_column][vc_column width=&#8221;1\/2&#8243; css=&#8221;.vc_custom_1510079007587{margin-top: 10px !important;}&#8221;][vc_column_text] Proje Ad\u0131 : Kent Plaza Konya [\/vc_column_text][vc_separator css=&#8221;.vc_custom_1510438967165{margin-top: -20px !important;}&#8221;][vc_column_text css=&#8221;.vc_custom_1510563360531{margin-top: -20px !important;}&#8221;] Y\u00fcklenici :\u00a0 Apsis Cephe [\/vc_column_text][vc_separator css=&#8221;.vc_custom_1510438893025{margin-top: -20px !important;}&#8221;][vc_column_text css=&#8221;.vc_custom_1510561940858{margin-top: -20px !important;}&#8221;] \u00c7al\u0131\u015fma Y\u00fcksekli\u011fi : 80 Mt [\/vc_column_text][vc_separator css=&#8221;.vc_custom_1510438909652{margin-top: -20px !important;}&#8221;][vc_column_text css=&#8221;.vc_custom_1510563374893{margin-top: -20px !important;}&#8221;] Yetkili :\u00a0G\u00f6rkem Bey \/ Tel: [&hellip;]<\/p>\n","protected":false},"author":2,"featured_media":2331,"parent":3670,"menu_order":0,"comment_status":"closed","ping_status":"closed","template":"","meta":{"two_page_speed":[],"footnotes":""},"class_list":["post-3718","page","type-page","status-publish","has-post-thumbnail","hentry"],"_links":{"self":[{"href":"https:\/\/www.ademsan.com\/en\/wp-json\/wp\/v2\/pages\/3718","targetHints":{"allow":["GET"]}}],"collection":[{"href":"https:\/\/www.ademsan.com\/en\/wp-json\/wp\/v2\/pages"}],"about":[{"href":"https:\/\/www.ademsan.com\/en\/wp-json\/wp\/v2\/types\/page"}],"author":[{"embeddable":true,"href":"https:\/\/www.ademsan.com\/en\/wp-json\/wp\/v2\/users\/2"}],"replies":[{"embeddable":true,"href":"https:\/\/www.ademsan.com\/en\/wp-json\/wp\/v2\/comments?post=3718"}],"version-history":[{"count":2,"href":"https:\/\/www.ademsan.com\/en\/wp-json\/wp\/v2\/pages\/3718\/revisions"}],"predecessor-version":[{"id":3720,"href":"https:\/\/www.ademsan.com\/en\/wp-json\/wp\/v2\/pages\/3718\/revisions\/3720"}],"up":[{"embeddable":true,"href":"https:\/\/www.ademsan.com\/en\/wp-json\/wp\/v2\/pages\/3670"}],"wp:featuredmedia":[{"embeddable":true,"href":"https:\/\/www.ademsan.com\/en\/wp-json\/wp\/v2\/media\/2331"}],"wp:attachment":[{"href":"https:\/\/www.ademsan.com\/en\/wp-json\/wp\/v2\/media?parent=3718"}],"curies":[{"name":"wp","href":"https:\/\/api.w.org\/{rel}","templated":true}]}}